{"id":258,"date":"2021-04-21T15:13:10","date_gmt":"2021-04-21T15:13:10","guid":{"rendered":"https:\/\/amazdog.com\/?page_id=258"},"modified":"2021-09-01T08:39:36","modified_gmt":"2021-09-01T08:39:36","slug":"proteccion-de-datos","status":"publish","type":"page","link":"https:\/\/amazdog.com\/index.php\/proteccion-de-datos\/","title":{"rendered":"PROTECCI\u00d3N DE DATOS"},"content":{"rendered":"<p>[et_pb_section fb_built=\u00bb1&#8243; custom_padding_last_edited=\u00bbon|tablet\u00bb _builder_version=\u00bb4.9.10&#8243; _module_preset=\u00bbdefault\u00bb background_enable_color=\u00bboff\u00bb background_image=\u00bbhttps:\/\/amazdog.com\/wp-content\/uploads\/2021\/08\/Frame-87-1-1.png\u00bb custom_padding=\u00bb90px||200px|0px||\u00bb custom_padding_tablet=\u00bb0px||100px|0px|false|false\u00bb custom_padding_phone=\u00bb\u00bb background_last_edited=\u00bbon|tablet\u00bb background_image_tablet=\u00bbhttps:\/\/amazdog.com\/wp-content\/uploads\/2021\/08\/Frame-87-4-1.png\u00bb background_enable_image_tablet=\u00bbon\u00bb][et_pb_row _builder_version=\u00bb4.9.4&#8243; _module_preset=\u00bbdefault\u00bb][et_pb_column type=\u00bb4_4&#8243; _builder_version=\u00bb4.9.4&#8243; _module_preset=\u00bbdefault\u00bb][et_pb_text _builder_version=\u00bb4.9.4&#8243; _module_preset=\u00bbdefault\u00bb text_font_size=\u00bb40px\u00bb]<\/p>\n<p style=\"text-align: center;\"><span style=\"color: #ffffff;\"><strong>Protecci\u00f3n de datos<\/strong><\/span><\/p>\n<p>[\/et_pb_text][\/et_pb_column][\/et_pb_row][\/et_pb_section][et_pb_section fb_built=\u00bb1&#8243; _builder_version=\u00bb4.9.4&#8243; _module_preset=\u00bbdefault\u00bb custom_margin=\u00bb||9px|||\u00bb custom_padding=\u00bb0px||90px|0px||\u00bb][et_pb_row _builder_version=\u00bb4.9.4&#8243; _module_preset=\u00bbdefault\u00bb][et_pb_column type=\u00bb4_4&#8243; _builder_version=\u00bb4.9.4&#8243; _module_preset=\u00bbdefault\u00bb][et_pb_text _builder_version=\u00bb4.9.10&#8243; _module_preset=\u00bbdefault\u00bb text_text_color=\u00bb#000000&#8243;]<span>AMAZDOG UNIVERSAL SL., con domicilio en C\/ Ronda de la Pescader\u00eda, 33, Bajo B \u2013 28801 Alcal\u00e1 Henares, Madrid, con CIF B88302880, informa a los usuarios acerca de su pol\u00edtica de protecci\u00f3n de datos personales, con la finalidad de que decidan libre y voluntariamente si desean facilitar los datos personales solicitados para su registro en el \u00e1rea privada de este sitio Web. AMAZDOG UNIVERSAL SL ha nombrado un Delegado de Protecci\u00f3n de Datos ante el cual podr\u00e1 ponerse en contacto dirigi\u00e9ndose al correo electr\u00f3nico <\/span><span style=\"color: #ffb12c;\"><a href=\"mailto:info@amazdog.com\" style=\"color: #ffb12c;\">info@amazdog.com<\/a><\/span><span>, o por escrito al domicilio social con la referencia \u201cDelegado de Protecci\u00f3n de Datos\u201d. Dependiendo de los servicios y en funci\u00f3n de los contenidos a los que se desee acceder, los datos que se le soliciten podr\u00e1n ser de cumplimentaci\u00f3n voluntaria u obligatoria inform\u00e1ndosele de ello y ser\u00e1n utilizados por AMAZDOG UNIVERSAL SL \u00a0para las finalidades que, en cada caso, se le indiquen. El usuario responder\u00e1, en cualquier caso, de la veracidad de los datos facilitados, reserv\u00e1ndose AMAZDOG UNIVERSAL SL el derecho a excluir de los servicios solicitados a todo usuario que haya facilitado datos falsos, sin perjuicio de las dem\u00e1s acciones que procedan en Derecho. Para ejercitar los derechos de acceso, rectificaci\u00f3n, supresi\u00f3n, y oposici\u00f3n, mediante correo postal adjuntando fotocopia de su D.N.I. o documento equivalente dirigido a: \u201d Derechos de Privacidad\u201d en la C\/ Ronda de la Pescader\u00eda, 33, Bajo B \u2013 28801 Alcal\u00e1 Henares, Madrid<\/span>[\/et_pb_text][\/et_pb_column][\/et_pb_row][\/et_pb_section][et_pb_section fb_built=\u00bb1&#8243; _builder_version=\u00bb4.9.10&#8243; _module_preset=\u00bbdefault\u00bb background_image=\u00bbhttps:\/\/amazdog.com\/wp-content\/uploads\/2021\/08\/Group-118-1-1.png\u00bb custom_padding=\u00bb49px||0px|0px||\u00bb background_last_edited=\u00bbon|phone\u00bb background_image_tablet=\u00bbhttps:\/\/amazdog.com\/wp-content\/uploads\/2021\/08\/Rectangle-149.png\u00bb background_image_phone=\u00bbhttps:\/\/amazdog.com\/wp-content\/uploads\/2021\/08\/Rectangle-149.png\u00bb background_enable_image_tablet=\u00bbon\u00bb background_enable_image_phone=\u00bbon\u00bb locked=\u00bboff\u00bb][et_pb_row column_structure=\u00bb1_5,1_5,1_5,1_5,1_5&#8243; custom_padding_last_edited=\u00bbon|phone\u00bb _builder_version=\u00bb4.9.10&#8243; _module_preset=\u00bbdefault\u00bb custom_padding=\u00bb192px|||||\u00bb custom_padding_tablet=\u00bb\u00bb custom_padding_phone=\u00bb60px||||false|false\u00bb][et_pb_column type=\u00bb1_5&#8243; _builder_version=\u00bb4.9.10&#8243; _module_preset=\u00bbdefault\u00bb][et_pb_image src=\u00bbhttps:\/\/amazdog.com\/wp-content\/uploads\/2021\/08\/Group-1518-3.png\u00bb title_text=\u00bbGroup 1518 (3)\u00bb url=\u00bbhttps:\/\/amazdog.com\/\u00bb url_new_window=\u00bbon\u00bb src_tablet=\u00bbhttps:\/\/amazdog.com\/wp-content\/uploads\/2021\/08\/Group-1518-3.png\u00bb src_phone=\u00bbhttps:\/\/amazdog.com\/wp-content\/uploads\/2021\/08\/Group-1518-3.png\u00bb src_last_edited=\u00bbon|tablet\u00bb align_tablet=\u00bbcenter\u00bb align_phone=\u00bbcenter\u00bb align_last_edited=\u00bbon|phone\u00bb _builder_version=\u00bb4.9.10&#8243; _module_preset=\u00bbdefault\u00bb width_tablet=\u00bb55%\u00bb width_phone=\u00bb50%\u00bb width_last_edited=\u00bbon|phone\u00bb][\/et_pb_image][\/et_pb_column][et_pb_column type=\u00bb1_5&#8243; _builder_version=\u00bb4.9.10&#8243; _module_preset=\u00bbdefault\u00bb][et_pb_text content_tablet=\u00bb<\/p>\n<h5 style=%22text-align: center;%22><a href=%22https:\/\/app.amazdog.com\/%22 data-et-target-link=%22_blank%22 rel=%22noopener%22><span style=%22color: #ffffff;%22><strong>APP<\/strong><\/span><\/a><\/h5>\n<p>\u00bb content_phone=\u00bb<\/p>\n<h5 style=%22text-align: center;%22><a href=%22https:\/\/app.amazdog.com\/%22 data-et-target-link=%22_blank%22 rel=%22noopener%22><span style=%22color: #ffffff;%22><strong>APP<\/strong><\/span><\/a><\/h5>\n<p>\u00bb content_last_edited=\u00bbon|phone\u00bb _builder_version=\u00bb4.9.10&#8243; _module_preset=\u00bbdefault\u00bb]<\/p>\n<h5 style=\"text-align: left;\"><a href=\"https:\/\/app.amazdog.com\/\" target=\"_blank\" rel=\"noopener\"><span style=\"color: #ffffff;\"><strong>APP<\/strong><\/span><\/a><\/h5>\n<p>[\/et_pb_text][et_pb_text content_tablet=\u00bb<\/p>\n<p style=%22text-align: center;%22><a href=%22http:\/\/app.amazdog.com\/%22 data-et-target-link=%22_blank%22 rel=%22noopener%22><span style=%22color: #ffffff;%22>Descargar APP<\/span><\/a><\/p>\n<p>\u00bb content_phone=\u00bb<\/p>\n<p style=%22text-align: center;%22><a href=%22http:\/\/app.amazdog.com\/%22 data-et-target-link=%22_blank%22 rel=%22noopener%22><span style=%22color: #ffffff;%22>Descargar APP<\/span><\/a><\/p>\n<p>\u00bb content_last_edited=\u00bbon|tablet\u00bb _builder_version=\u00bb4.9.10&#8243; _module_preset=\u00bbdefault\u00bb custom_margin_tablet=\u00bb\u00bb custom_margin_phone=\u00bb-16px||||false|false\u00bb custom_margin_last_edited=\u00bbon|phone\u00bb]<\/p>\n<p style=\"text-align: left;\"><a href=\"http:\/\/app.amazdog.com\/\" target=\"_blank\" rel=\"noopener\"><span style=\"color: #ffffff;\">Descargar APP<\/span><\/a><\/p>\n<p>[\/et_pb_text][\/et_pb_column][et_pb_column type=\u00bb1_5&#8243; _builder_version=\u00bb4.9.10&#8243; _module_preset=\u00bbdefault\u00bb][et_pb_text content_tablet=\u00bb<\/p>\n<h5 style=%22text-align: center;%22><a href=%22https:\/\/seguros.amazdog.com\/%22 data-et-target-link=%22_blank%22 rel=%22noopener%22><span style=%22color: #ffffff;%22><strong>Seguros Amazdog<\/strong><\/span><\/a><\/h5>\n<p>\u00bb content_phone=\u00bb<\/p>\n<h5 style=%22text-align: center;%22><a href=%22https:\/\/seguros.amazdog.com\/%22 data-et-target-link=%22_blank%22 rel=%22noopener%22><span style=%22color: #ffffff;%22><strong>Seguros Amazdog<\/strong><\/span><\/a><\/h5>\n<p>\u00bb content_last_edited=\u00bbon|phone\u00bb _builder_version=\u00bb4.9.10&#8243; _module_preset=\u00bbdefault\u00bb custom_margin_tablet=\u00bb\u00bb custom_margin_phone=\u00bb16px||||false|false\u00bb custom_margin_last_edited=\u00bbon|phone\u00bb hover_enabled=\u00bb0&#8243; sticky_enabled=\u00bb0&#8243;]<\/p>\n<h5 style=\"text-align: left;\"><a href=\"https:\/\/seguros.amazdog.com\/\" target=\"_blank\" rel=\"noopener\"><span style=\"color: #ffffff;\"><strong>Seguros Amazdog<\/strong><\/span><\/a><\/h5>\n<p>[\/et_pb_text][et_pb_text content_tablet=\u00bb<\/p>\n<p style=%22text-align: center;%22><a href=%22https:\/\/seguros.amazdog.com\/%22 data-et-target-link=%22_blank%22 rel=%22noopener%22><span style=%22color: #ffffff;%22>Modalidad B\u00e1sica<\/span><\/a><\/p>\n<p style=%22text-align: center;%22><a href=%22https:\/\/seguros.amazdog.com\/%22 data-et-target-link=%22_blank%22 rel=%22noopener%22><span style=%22color: #ffffff;%22>Modalidad Completa<\/span><\/a><\/p>\n<p>\u00bb content_phone=\u00bb<\/p>\n<p style=%22text-align: center;%22><a href=%22https:\/\/seguros.amazdog.com\/%22 data-et-target-link=%22_blank%22 rel=%22noopener%22><span style=%22color: #ffffff;%22>Modalidad B\u00e1sica<\/span><\/a><\/p>\n<p style=%22text-align: center;%22><a href=%22https:\/\/seguros.amazdog.com\/%22 data-et-target-link=%22_blank%22 rel=%22noopener%22><span style=%22color: #ffffff;%22>Modalidad Completa<\/span><\/a><\/p>\n<p>\u00bb content_last_edited=\u00bbon|tablet\u00bb _builder_version=\u00bb4.9.10&#8243; _module_preset=\u00bbdefault\u00bb custom_margin_tablet=\u00bb\u00bb custom_margin_phone=\u00bb-16px||||false|false\u00bb custom_margin_last_edited=\u00bbon|phone\u00bb]<\/p>\n<p style=\"text-align: left;\"><a href=\"https:\/\/seguros.amazdog.com\/\" target=\"_blank\" rel=\"noopener\"><span style=\"color: #ffffff;\">Modalidad B\u00e1sica<\/span><\/a><\/p>\n<p style=\"text-align: left;\"><a href=\"https:\/\/seguros.amazdog.com\/\" target=\"_blank\" rel=\"noopener\"><span style=\"color: #ffffff;\">Modalidad Completa<\/span><\/a><\/p>\n<p>[\/et_pb_text][\/et_pb_column][et_pb_column type=\u00bb1_5&#8243; _builder_version=\u00bb4.9.10&#8243; _module_preset=\u00bbdefault\u00bb][et_pb_text content_tablet=\u00bb<\/p>\n<h5 style=%22text-align: center;%22><span style=%22color: #ffffff;%22><strong>Social<\/strong><\/span><\/h5>\n<p>\u00bb content_phone=\u00bb<\/p>\n<h5 style=%22text-align: center;%22><span style=%22color: #ffffff;%22><strong>Social<\/strong><\/span><\/h5>\n<p>\u00bb content_last_edited=\u00bbon|tablet\u00bb _builder_version=\u00bb4.9.10&#8243; _module_preset=\u00bbdefault\u00bb custom_margin_tablet=\u00bb\u00bb custom_margin_phone=\u00bb16px||||false|false\u00bb custom_margin_last_edited=\u00bbon|phone\u00bb]<\/p>\n<h5 style=\"text-align: left;\"><span style=\"color: #ffffff;\"><strong>Social<\/strong><\/span><\/h5>\n<p>[\/et_pb_text][et_pb_text content_tablet=\u00bb<\/p>\n<p style=%22text-align: center;%22><a href=%22https:\/\/www.instagram.com\/_amazdog%22 data-et-target-link=%22_blank%22 rel=%22noopener%22><span style=%22color: #ffffff;%22>Instagram<\/span><\/a><\/p>\n<p style=%22text-align: center;%22><a href=%22https:\/\/www.facebook.com\/Amazdog-1295832217257422\/%22 data-et-target-link=%22_blank%22 rel=%22noopener%22><span style=%22color: #ffffff;%22>Facebook<\/span><\/a><\/p>\n<p style=%22text-align: center;%22><a href=%22https:\/\/www.facebook.com\/Amazdog-1295832217257422\/%22 data-et-target-link=%22_blank%22 rel=%22noopener%22><span style=%22color: #ffffff;%22>Twitter<\/span><\/a><\/p>\n<p>\u00bb content_phone=\u00bb<\/p>\n<p style=%22text-align: center;%22><a href=%22https:\/\/www.instagram.com\/_amazdog%22 data-et-target-link=%22_blank%22 rel=%22noopener%22><span style=%22color: #ffffff;%22>Instagram<\/span><\/a><\/p>\n<p style=%22text-align: center;%22><a href=%22https:\/\/www.facebook.com\/Amazdog-1295832217257422\/%22 data-et-target-link=%22_blank%22 rel=%22noopener%22><span style=%22color: #ffffff;%22>Facebook<\/span><\/a><\/p>\n<p style=%22text-align: center;%22><a href=%22https:\/\/www.facebook.com\/Amazdog-1295832217257422\/%22 data-et-target-link=%22_blank%22 rel=%22noopener%22><span style=%22color: #ffffff;%22>Twitter<\/span><\/a><\/p>\n<p>\u00bb content_last_edited=\u00bbon|tablet\u00bb _builder_version=\u00bb4.9.10&#8243; _module_preset=\u00bbdefault\u00bb custom_margin_tablet=\u00bb\u00bb custom_margin_phone=\u00bb-16px||||false|false\u00bb custom_margin_last_edited=\u00bbon|phone\u00bb]<\/p>\n<p style=\"text-align: left;\"><a href=\"https:\/\/www.instagram.com\/_amazdog\" target=\"_blank\" rel=\"noopener\"><span style=\"color: #ffffff;\">Instagram<\/span><\/a><\/p>\n<p style=\"text-align: left;\"><a href=\"https:\/\/www.facebook.com\/Amazdog-1295832217257422\/\" target=\"_blank\" rel=\"noopener\"><span style=\"color: #ffffff;\">Facebook<\/span><\/a><\/p>\n<p style=\"text-align: left;\"><a href=\"https:\/\/twitter.com\/amazdog\" target=\"_blank\" rel=\"noopener\"><span style=\"color: #ffffff;\">Twitter<\/span><\/a><\/p>\n<p>[\/et_pb_text][\/et_pb_column][et_pb_column type=\u00bb1_5&#8243; _builder_version=\u00bb4.9.10&#8243; _module_preset=\u00bbdefault\u00bb][et_pb_text content_tablet=\u00bb<\/p>\n<h5 style=%22text-align: center;%22><span style=%22color: #ffffff;%22><strong>Compa\u00f1\u00eda<\/strong><\/span><\/h5>\n<p>\u00bb content_phone=\u00bb<\/p>\n<h5 style=%22text-align: center;%22><span style=%22color: #ffffff;%22><strong>Compa\u00f1\u00eda<\/strong><\/span><\/h5>\n<p>\u00bb content_last_edited=\u00bbon|tablet\u00bb _builder_version=\u00bb4.9.10&#8243; _module_preset=\u00bbdefault\u00bb custom_margin_tablet=\u00bb\u00bb custom_margin_phone=\u00bb16px||||false|false\u00bb custom_margin_last_edited=\u00bbon|phone\u00bb]<\/p>\n<h5 style=\"text-align: left;\"><span style=\"color: #ffffff;\"><strong>Compa\u00f1\u00eda<\/strong><\/span><\/h5>\n<p>[\/et_pb_text][et_pb_text content_tablet=\u00bb<\/p>\n<p style=%22text-align: center;%22><a href=%22https:\/\/amazdog.com\/index.php\/sobre-nosotros\/%22 data-et-target-link=%22_blank%22 rel=%22noopener%22><span style=%22color: #ffffff;%22>Sobre nosotros<\/span><\/a><\/p>\n<p style=%22text-align: center;%22><a href=%22https:\/\/amazdog.com\/index.php\/aviso-legal\/%22 data-et-target-link=%22_blank%22 rel=%22noopener%22><span style=%22color: #ffffff;%22>Aviso legal<\/span><\/a><\/p>\n<p style=%22text-align: center;%22><a href=%22https:\/\/amazdog.com\/index.php\/politica-de-privacidad\/%22 data-et-target-link=%22_blank%22 rel=%22noopener%22><span style=%22color: #ffffff;%22>Pol\u00edtica de Privacidad<\/span><\/a><\/p>\n<p style=%22text-align: center;%22><a href=%22https:\/\/amazdog.com\/index.php\/proteccion-de-datos\/%22 data-et-target-link=%22_blank%22 rel=%22noopener%22><span style=%22color: #ffffff;%22>Pol\u00edtica de cookies<\/span><\/a><\/p>\n<p style=%22text-align: center;%22><a href=%22https:\/\/amazdog.com\/index.php\/politica-de-cookies\/%22 data-et-target-link=%22_blank%22 rel=%22noopener%22><span style=%22color: #ffffff;%22>Protecci\u00f3n de datos<\/span><\/a><\/p>\n<p style=%22text-align: center;%22><a href=%22https:\/\/amazdog.com\/index.php\/contacto\/%22 data-et-target-link=%22_blank%22 rel=%22noopener%22><span style=%22color: #ffffff;%22>Contacto<\/span><\/a><\/p>\n<p>\u00bb content_phone=\u00bb<\/p>\n<p style=%22text-align: center;%22><a href=%22https:\/\/amazdog.com\/index.php\/sobre-nosotros\/%22 data-et-target-link=%22_blank%22 rel=%22noopener%22><span style=%22color: #ffffff;%22>Sobre nosotros<\/span><\/a><\/p>\n<p style=%22text-align: center;%22><a href=%22https:\/\/amazdog.com\/index.php\/aviso-legal\/%22 data-et-target-link=%22_blank%22 rel=%22noopener%22><span style=%22color: #ffffff;%22>Aviso legal<\/span><\/a><\/p>\n<p style=%22text-align: center;%22><a href=%22https:\/\/amazdog.com\/index.php\/politica-de-privacidad\/%22 data-et-target-link=%22_blank%22 rel=%22noopener%22><span style=%22color: #ffffff;%22>Pol\u00edtica de Privacidad<\/span><\/a><\/p>\n<p style=%22text-align: center;%22><a href=%22https:\/\/amazdog.com\/index.php\/proteccion-de-datos\/%22 data-et-target-link=%22_blank%22 rel=%22noopener%22><span style=%22color: #ffffff;%22>Pol\u00edtica de cookies<\/span><\/a><\/p>\n<p style=%22text-align: center;%22><a href=%22https:\/\/amazdog.com\/index.php\/politica-de-cookies\/%22 data-et-target-link=%22_blank%22 rel=%22noopener%22><span style=%22color: #ffffff;%22>Protecci\u00f3n de datos<\/span><\/a><\/p>\n<p style=%22text-align: center;%22><a href=%22https:\/\/amazdog.com\/index.php\/contacto\/%22 data-et-target-link=%22_blank%22 rel=%22noopener%22><span style=%22color: #ffffff;%22>Contacto<\/span><\/a><\/p>\n<p>\u00bb content_last_edited=\u00bbon|tablet\u00bb _builder_version=\u00bb4.9.10&#8243; _module_preset=\u00bbdefault\u00bb custom_margin_tablet=\u00bb\u00bb custom_margin_phone=\u00bb-16px||||false|false\u00bb custom_margin_last_edited=\u00bbon|phone\u00bb hover_enabled=\u00bb0&#8243; sticky_enabled=\u00bb0&#8243;]<\/p>\n<p style=\"text-align: left;\"><a href=\"https:\/\/amazdog.com\/index.php\/sobre-nosotros\/\" target=\"_blank\" rel=\"noopener\"><span style=\"color: #ffffff;\">Sobre nosotros<\/span><\/a><\/p>\n<p style=\"text-align: left;\"><a href=\"https:\/\/amazdog.com\/index.php\/aviso-legal\/\" target=\"_blank\" rel=\"noopener\"><span style=\"color: #ffffff;\">Aviso legal<\/span><\/a><\/p>\n<p style=\"text-align: left;\"><a href=\"https:\/\/amazdog.com\/index.php\/politica-de-privacidad\/\" target=\"_blank\" rel=\"noopener\"><span style=\"color: #ffffff;\">Pol\u00edtica de Privacidad<\/span><\/a><\/p>\n<p style=\"text-align: left;\"><a href=\"https:\/\/amazdog.com\/index.php\/proteccion-de-datos\/\" target=\"_blank\" rel=\"noopener\"><span style=\"color: #ffffff;\">Pol\u00edtica de cookies<\/span><\/a><\/p>\n<p style=\"text-align: left;\"><a href=\"https:\/\/amazdog.com\/index.php\/politica-de-cookies\/\" target=\"_blank\" rel=\"noopener\"><span style=\"color: #ffffff;\">Protecci\u00f3n de datos<\/span><\/a><\/p>\n<p style=\"text-align: left;\"><a href=\"https:\/\/amazdog.com\/index.php\/contacto\/\" target=\"_blank\" rel=\"noopener\"><span style=\"color: #ffffff;\">Contacto<\/span><\/a><\/p>\n<p>[\/et_pb_text][\/et_pb_column][\/et_pb_row][et_pb_row _builder_version=\u00bb4.9.10&#8243; _module_preset=\u00bbdefault\u00bb custom_padding=\u00bb10px||0px|||\u00bb][et_pb_column type=\u00bb4_4&#8243; _builder_version=\u00bb4.9.10&#8243; _module_preset=\u00bbdefault\u00bb][et_pb_divider _builder_version=\u00bb4.9.10&#8243; _module_preset=\u00bbdefault\u00bb custom_margin=\u00bb36px|||||\u00bb custom_padding=\u00bb||0px|||\u00bb][\/et_pb_divider][\/et_pb_column][\/et_pb_row][et_pb_row _builder_version=\u00bb4.9.10&#8243; _module_preset=\u00bbdefault\u00bb custom_margin=\u00bb1px|auto||auto||\u00bb custom_padding=\u00bb3px||18px|||\u00bb][et_pb_column type=\u00bb4_4&#8243; _builder_version=\u00bb4.9.10&#8243; _module_preset=\u00bbdefault\u00bb][et_pb_text _builder_version=\u00bb4.9.10&#8243; _module_preset=\u00bbdefault\u00bb custom_margin=\u00bb-10px||||false|false\u00bb custom_padding=\u00bb||0px||false|false\u00bb]<\/p>\n<p style=\"text-align: center;\"><span style=\"font-size: 12px; color: #ffffff;\"> Copyright \u00a9 AMAZDOG UNIVERSAL SL. Todos los derechos reservados.<\/span><\/p>\n<p>[\/et_pb_text][\/et_pb_column][\/et_pb_row][\/et_pb_section]<\/p>\n","protected":false},"excerpt":{"rendered":"<p>Protecci\u00f3n de datosAMAZDOG UNIVERSAL SL., con domicilio en C\/ Ronda de la Pescader\u00eda, 33, Bajo B \u2013 28801 Alcal\u00e1 Henares, Madrid, con CIF B88302880, informa a los usuarios acerca de su pol\u00edtica de protecci\u00f3n de datos personales, con la finalidad de que decidan libre y voluntariamente si desean facilitar los datos personales solicitados para su [&hellip;]<\/p>\n","protected":false},"author":4,"featured_media":0,"parent":0,"menu_order":0,"comment_status":"closed","ping_status":"closed","template":"","meta":{"_et_pb_use_builder":"on","_et_pb_old_content":"","_et_gb_content_width":"","footnotes":""},"class_list":["post-258","page","type-page","status-publish","hentry"],"_links":{"self":[{"href":"https:\/\/amazdog.com\/index.php\/wp-json\/wp\/v2\/pages\/258","targetHints":{"allow":["GET"]}}],"collection":[{"href":"https:\/\/amazdog.com\/index.php\/wp-json\/wp\/v2\/pages"}],"about":[{"href":"https:\/\/amazdog.com\/index.php\/wp-json\/wp\/v2\/types\/page"}],"author":[{"embeddable":true,"href":"https:\/\/amazdog.com\/index.php\/wp-json\/wp\/v2\/users\/4"}],"replies":[{"embeddable":true,"href":"https:\/\/amazdog.com\/index.php\/wp-json\/wp\/v2\/comments?post=258"}],"version-history":[{"count":14,"href":"https:\/\/amazdog.com\/index.php\/wp-json\/wp\/v2\/pages\/258\/revisions"}],"predecessor-version":[{"id":2451,"href":"https:\/\/amazdog.com\/index.php\/wp-json\/wp\/v2\/pages\/258\/revisions\/2451"}],"wp:attachment":[{"href":"https:\/\/amazdog.com\/index.php\/wp-json\/wp\/v2\/media?parent=258"}],"curies":[{"name":"wp","href":"https:\/\/api.w.org\/{rel}","templated":true}]}}