{"id":2157,"date":"2021-08-19T16:24:58","date_gmt":"2021-08-19T16:24:58","guid":{"rendered":"https:\/\/amazdog.com\/?page_id=2157"},"modified":"2021-08-20T14:34:09","modified_gmt":"2021-08-20T14:34:09","slug":"fin-a-la-lista-de-perros-peligrosos-que-razas-son-los-ppp","status":"publish","type":"page","link":"https:\/\/amazdog.com\/index.php\/blog\/fin-a-la-lista-de-perros-peligrosos-que-razas-son-los-ppp\/","title":{"rendered":"Fin a la lista de perros peligrosos: \u00bfqu\u00e9 razas son los PPP."},"content":{"rendered":"<p>[et_pb_section fb_built=\u00bb1&#8243; fullwidth=\u00bbon\u00bb _builder_version=\u00bb4.9.10&#8243; _module_preset=\u00bbdefault\u00bb][et_pb_fullwidth_image src=\u00bbhttps:\/\/amazdog.com\/wp-content\/uploads\/2021\/08\/Frame-87-4-1.png\u00bb _builder_version=\u00bb4.9.10&#8243; _module_preset=\u00bbdefault\u00bb title_text=\u00bbFrame 87 (4) 1&#8243; hover_enabled=\u00bb0&#8243; sticky_enabled=\u00bb0&#8243;][\/et_pb_fullwidth_image][\/et_pb_section][et_pb_section fb_built=\u00bb1&#8243; _builder_version=\u00bb4.9.10&#8243; _module_preset=\u00bbdefault\u00bb custom_padding=\u00bb2px||90px|0px||\u00bb locked=\u00bboff\u00bb][et_pb_row _builder_version=\u00bb4.9.10&#8243; _module_preset=\u00bbdefault\u00bb][et_pb_column type=\u00bb4_4&#8243; _builder_version=\u00bb4.9.10&#8243; _module_preset=\u00bbdefault\u00bb][et_pb_image src=\u00bbhttps:\/\/amazdog.com\/wp-content\/uploads\/2021\/08\/Rectangle-83.png\u00bb title_text=\u00bbRectangle 83&#8243; align=\u00bbcenter\u00bb _builder_version=\u00bb4.9.10&#8243; _module_preset=\u00bbdefault\u00bb][\/et_pb_image][et_pb_text _builder_version=\u00bb4.9.10&#8243; _module_preset=\u00bbdefault\u00bb]<\/p>\n<h1 style=\"text-align: center;\"><strong><span style=\"color: #00000;\"> <span style=\"font-size: 30px;\">Fin a la lista de perros peligrosos: \u00bfqu\u00e9 razas son los PPP?<\/span><\/span><\/strong><\/h1>\n<p>[\/et_pb_text][et_pb_text _builder_version=\u00bb4.9.10&#8243; _module_preset=\u00bbdefault\u00bb]La Ley 50\/99 es la encargada de regular en Espa\u00f1a la tenencia de perros potencialmente peligrosos, pero el Gobierno tiene previsto modificarla. As\u00ed, el anteproyecto desarrollado por el Ejecutivo pretende evaluar el comportamiento de cada animal \u00absin tener en cuenta la raza concreta con la que ha nacido\u00bb y evitar as\u00ed prejuicios \u00abinjustos\u00bb.<\/p>\n<p>La regla establecer\u00e1 un mecanismo de validaci\u00f3n en funci\u00f3n del comportamiento de cada animal. Adem\u00e1s, la nueva norma prev\u00e9 que aquellos animales que necesiten alg\u00fan \u00abmanejo particular\u00bb sean educados con t\u00e9cnicas de mejora de su comportamiento para que dejen de ser peligrosos.<\/p>\n<p>Homogeneizar las 17 normativas<br \/>\nSergio Garc\u00eda Torres, director general de Derechos Animales del Gobierno, lo desvel\u00f3 durante unas jornadas organizadas por la Real Sociedad Canina Espa\u00f1ola. Precisamente, esta organizaci\u00f3n ha solicitado una nueva ley que universalice la identificaci\u00f3n canina, la educaci\u00f3n con ni\u00f1os y j\u00f3venes en valores que fomenten el respeto y la empat\u00eda animal, la protecci\u00f3n y fomento de razas aut\u00f3ctonas y el reconocimiento al trabajo de los criadores \u00e9ticos.<\/p>\n<p>Aunque todav\u00eda se trata de un borrador, se intentar\u00e1 homogeneizar las 17 normativas auton\u00f3micas existentes para crear un marco de actuaci\u00f3n com\u00fan. Tambi\u00e9n est\u00e1 previsto que se incluya un Sistema de Registro de Protecci\u00f3n Animal, con el que se establecer\u00e1n diferentes m\u00e9todos de identificaci\u00f3n.<\/p>\n<p>Otra de las novedades anunciadas por Garc\u00eda Torres est\u00e1 relacionada con la creaci\u00f3n de un Registro Nacional de Criadores de Compa\u00f1\u00eda. En \u00e9l, se incorporar\u00e1n tanto a profesionales como aficionados, pero solamente los que est\u00e9n incluidos en esa lista podr\u00e1n ser calificados como criadores oficiales.<\/p>\n<p>M\u00e1s dureza con los maltratadores<br \/>\nLas personas condenadas por maltrato tampoco podr\u00e1n inscribir a ning\u00fan animal a su nombre, ya que estar\u00e1n anotados en el Registro Nacional de Inhabilitaci\u00f3n para la Tenencia de Animales de Compa\u00f1\u00eda. Igualmente, se pretende aumentar las penas por estos delitos, que en la actualidad tienen un m\u00e1ximo de 18 meses de c\u00e1rcel.<\/p>\n<p>Por \u00faltimo, est\u00e1 previsto tambi\u00e9n que el proyecto de ley modifique el C\u00f3digo Civil para que se reconozca a los animales como &#8216;seres sintientes&#8217; y seguir la l\u00ednea marcada por el Tratado de Lisboa.<\/p>\n<p>\u00bfCu\u00e1les son los perros potencialmente peligrosos (PPP)?<br \/>\nEn la actualidad, las razas consideradas como PPP est\u00e1n recogidas en la Ley 50\/99, desarrollada a trav\u00e9s del Real Decreto 287\/2002:<\/p>\n<p>Pit Bull Terrier<br \/>\nStaffordshire Bull Terrier<br \/>\nAmerican Staffodshire Terrier<br \/>\nRottweiler<br \/>\nDogo Argentino<br \/>\nFila Brasileiro<br \/>\nTosa Inu<br \/>\nAkita Inu<br \/>\nLa norma explica que tambi\u00e9n se considerar\u00e1n peligros aquellos que cumplan todas o la mayor\u00eda de las siguientes caracter\u00edsticas:<\/p>\n<p>Fuerte musculatura, aspecto poderoso, robusto, configuraci\u00f3n atl\u00e9tica, agilidad, vigor y resistencia<br \/>\nMarcado car\u00e1cter y gran valor<br \/>\nPelo corto<br \/>\nPer\u00edmetro tor\u00e1cico comprendido entre 60 y 80 cent\u00edmetros, altura a la cruz entre 50 y 70 cent\u00edmetros y peso superior a 20 kg<br \/>\nCabeza voluminosa, cuboide, robusta, con cr\u00e1neo ancho y grande y mejillas musculosas y abombadas. Mand\u00edbulas grandes y fuertes, boca robusta, ancha y profunda<br \/>\nCuello ancho, musculoso y corto<br \/>\nPecho macizo, ancho, grande, profundo, costillas arqueadas y lomo musculado y corto<br \/>\nExtremidades anteriores paralelas, rectas y robustas y extremidades posteriores muy musculosas, con patas relativamente largas formando un \u00e1ngulo moderado.<\/p>\n<p><\/p>\n<p>Fuente: <span style=\"color: #808080;\"><a href=\"https:\/\/as.com\/diarioas\/2021\/04\/07\/actualidad\/1617811112_595556.html\" target=\"_blank\" rel=\"noopener\" style=\"color: #808080;\">https:\/\/www.boe.es\/buscar\/doc.php?id=BOE-A-2002-6016<\/a><\/span>[\/et_pb_text][\/et_pb_column][\/et_pb_row][\/et_pb_section]<\/p>\n","protected":false},"excerpt":{"rendered":"<p>Fin a la lista de perros peligrosos: \u00bfqu\u00e9 razas son los PPP?La Ley 50\/99 es la encargada de regular en Espa\u00f1a la tenencia de perros potencialmente peligrosos, pero el Gobierno tiene previsto modificarla. As\u00ed, el anteproyecto desarrollado por el Ejecutivo pretende evaluar el comportamiento de cada animal \u00absin tener en cuenta la raza concreta con [&hellip;]<\/p>\n","protected":false},"author":4,"featured_media":0,"parent":1612,"menu_order":0,"comment_status":"closed","ping_status":"closed","template":"","meta":{"_et_pb_use_builder":"on","_et_pb_old_content":"","_et_gb_content_width":"","footnotes":""},"class_list":["post-2157","page","type-page","status-publish","hentry"],"_links":{"self":[{"href":"https:\/\/amazdog.com\/index.php\/wp-json\/wp\/v2\/pages\/2157","targetHints":{"allow":["GET"]}}],"collection":[{"href":"https:\/\/amazdog.com\/index.php\/wp-json\/wp\/v2\/pages"}],"about":[{"href":"https:\/\/amazdog.com\/index.php\/wp-json\/wp\/v2\/types\/page"}],"author":[{"embeddable":true,"href":"https:\/\/amazdog.com\/index.php\/wp-json\/wp\/v2\/users\/4"}],"replies":[{"embeddable":true,"href":"https:\/\/amazdog.com\/index.php\/wp-json\/wp\/v2\/comments?post=2157"}],"version-history":[{"count":5,"href":"https:\/\/amazdog.com\/index.php\/wp-json\/wp\/v2\/pages\/2157\/revisions"}],"predecessor-version":[{"id":2319,"href":"https:\/\/amazdog.com\/index.php\/wp-json\/wp\/v2\/pages\/2157\/revisions\/2319"}],"up":[{"embeddable":true,"href":"https:\/\/amazdog.com\/index.php\/wp-json\/wp\/v2\/pages\/1612"}],"wp:attachment":[{"href":"https:\/\/amazdog.com\/index.php\/wp-json\/wp\/v2\/media?parent=2157"}],"curies":[{"name":"wp","href":"https:\/\/api.w.org\/{rel}","templated":true}]}}