{"id":2151,"date":"2021-08-19T15:59:09","date_gmt":"2021-08-19T15:59:09","guid":{"rendered":"https:\/\/amazdog.com\/?page_id=2151"},"modified":"2021-08-20T14:33:17","modified_gmt":"2021-08-20T14:33:17","slug":"el-nunca-lo-haria-estudio-sobre-abandono-y-adopcion-de-animales","status":"publish","type":"page","link":"https:\/\/amazdog.com\/index.php\/blog\/el-nunca-lo-haria-estudio-sobre-abandono-y-adopcion-de-animales\/","title":{"rendered":"\u00c9l nunca lo har\u00eda. Estudio sobre abandono y adopci\u00f3n de animales."},"content":{"rendered":"<p>[et_pb_section fb_built=\u00bb1&#8243; fullwidth=\u00bbon\u00bb _builder_version=\u00bb4.9.10&#8243; _module_preset=\u00bbdefault\u00bb][et_pb_fullwidth_image src=\u00bbhttps:\/\/amazdog.com\/wp-content\/uploads\/2021\/08\/Frame-87-4-1.png\u00bb _builder_version=\u00bb4.9.10&#8243; _module_preset=\u00bbdefault\u00bb title_text=\u00bbFrame 87 (4) 1&#8243; hover_enabled=\u00bb0&#8243; sticky_enabled=\u00bb0&#8243;][\/et_pb_fullwidth_image][\/et_pb_section][et_pb_section fb_built=\u00bb1&#8243; _builder_version=\u00bb4.9.10&#8243; _module_preset=\u00bbdefault\u00bb custom_padding=\u00bb2px||90px|0px||\u00bb locked=\u00bboff\u00bb][et_pb_row _builder_version=\u00bb4.9.10&#8243; _module_preset=\u00bbdefault\u00bb][et_pb_column type=\u00bb4_4&#8243; _builder_version=\u00bb4.9.10&#8243; _module_preset=\u00bbdefault\u00bb][et_pb_image src=\u00bbhttps:\/\/amazdog.com\/wp-content\/uploads\/2021\/08\/Rectangle-84.png\u00bb title_text=\u00bbRectangle 84&#8243; align=\u00bbcenter\u00bb _builder_version=\u00bb4.9.10&#8243; _module_preset=\u00bbdefault\u00bb][\/et_pb_image][et_pb_text _builder_version=\u00bb4.9.10&#8243; _module_preset=\u00bbdefault\u00bb]<\/p>\n<h1 style=\"text-align: center;\"><strong><span style=\"color: #00000;\"> <span style=\"font-size: 30px;\">\u00c9l nunca lo har\u00eda. Estudio sobre abandono y adopci\u00f3n de animales. <\/span><\/span><\/strong><\/h1>\n<p>[\/et_pb_text][et_pb_text _builder_version=\u00bb4.9.10&#8243; _module_preset=\u00bbdefault\u00bb]Alrededor de 138.400 perros y gatos fueron abandonados o se perdieron en 2018 en Espa\u00f1a, una cifra muy parecida a la de 2017 (138.300 abandonados), seg\u00fan las estimaciones elaboradas por la Fundaci\u00f3n Affinity a partir de los animales recuperados por sociedades protectoras, ayuntamientos y consejos comarcales de Espa\u00f1a.<\/p>\n<p>De esta cifra, la mayor\u00eda son perros (el 75,6%) mientras que el 24,4% restante se trata de gatos. Pese a los esfuerzos de concienciaci\u00f3n de asociaciones y protectoras de animales, entre 2018 y 2017 apenas se consigui\u00f3 reducir el n\u00famero de perros abandonados o extraviados (un 0,13% menos) y en el caso de los gatos incluso se produjo un aumento (un 0,73% m\u00e1s).<\/p>\n<p>En su estudio anual sobre el abandono animal, la Fundaci\u00f3n Affinity documenta el destino de estos animales: el 42,7% fueron adoptados mientras que un 18,2% fueron recuperados por sus due\u00f1os.<\/p>\n<p>El informe destaca que una parte importante de los animales de compa\u00f1\u00eda que llegan a un refugio \u00abno corresponde realmente a un abandono, sino probablemente a una p\u00e9rdida\u00bb. En 2008, la tasa de animales perdidos y reclamados por sus due\u00f1os era del 11,8% mientras que cerr\u00f3 en 2018 en el 18,2%.<\/p>\n<p>La Fundaci\u00f3n Affinity se\u00f1ala que el \u00abfactor clave\u00bb para recuperar a un animal extraviado es la posibilidad de localizar al propietario y para lograrlo, lo m\u00e1s importante, es que el animal est\u00e9 identificado con un microchip.<\/p>\n<p>\u00bfSe abandona m\u00e1s en verano?<\/p>\n<p>En general, los meses entre mayo y julio es la \u00e9poca del a\u00f1o en que m\u00e1s animales abandonados o extraviados se recogen, en proporci\u00f3n al total que entran en los refugios, aunque el abandono o p\u00e9rdida es un fen\u00f3meno \u00abque se produce en todas las \u00e9pocas del a\u00f1o\u00bb, seg\u00fan destaca el informe. \u00abEste dato contrasta con la opini\u00f3n, muy difundida en la sociedad, de que los perros son abandonados sobre todo antes de las vacaciones de verano\u00bb.<\/p>\n<p>No obstante, existen dos realidades distintas seg\u00fan sean perros o gatos. Mientras que la entrada de canes a refugios y protectoras se mantiene \u00abmuy estable\u00bb a lo largo de todo el a\u00f1o, la llegada de gatos \u00abes mucho m\u00e1s elevada durante el segundo cuatrimestre del a\u00f1o\u00bb.>La Fundaci\u00f3n Affinity explica que la reproducci\u00f3n del gato \u00abes estacional\u00bb y uno de los motivos para el abandono de animales de compa\u00f1\u00eda son las camadas no deseadas. \u00abEstudios realizados al respecto indican que la mayor\u00eda de camadas de gatos no son deseadas por sus propietarios\u00bb, a\u00f1ade.<\/span><\/p>\n<p>\u00bfCu\u00e1les son los motivos para el abandono de animales?<\/p>\n<p>Las camadas indeseadas, el fin de la temporada de caza, el comportamiento del animal o los factores econ\u00f3micos son los principales motivos por los que los propietarios dieron a su mascota a un refugio o protectora en 2018, seg\u00fan el estudio.<\/p>\n<p>Estos datos proceden de las respuestas que dan los propietarios que llevan a sus animales a refugios. La fundaci\u00f3n se\u00f1ala que \u00abla mayor\u00eda de los animales que ingresan en los refugios han sido encontrados en la calle o llevados hasta all\u00ed por personas que no son sus propietarios\u00bb, por lo que no se conocen los motivos concretos de muchos de los abandonos de animales de compa\u00f1\u00eda que se producen en Espa\u00f1a.\u00a0<\/span><\/p>\n<p><\/p>\n<p>Fuente: <span style=\"color: #808080;\"><a href=\"https:\/\/www.boe.es\/buscar\/doc.php?id=BOE-A-2002-6016\" target=\"_blank\" rel=\"noopener\" style=\"color: #808080;\">https:\/\/www.boe.es\/buscar\/doc.php?id=BOE-A-2002-6016<\/a><\/span>[\/et_pb_text][\/et_pb_column][\/et_pb_row][\/et_pb_section]<\/p>\n","protected":false},"excerpt":{"rendered":"<p>\u00c9l nunca lo har\u00eda. Estudio sobre abandono y adopci\u00f3n de animales. Alrededor de 138.400 perros y gatos fueron abandonados o se perdieron en 2018 en Espa\u00f1a, una cifra muy parecida a la de 2017 (138.300 abandonados), seg\u00fan las estimaciones elaboradas por la Fundaci\u00f3n Affinity a partir de los animales recuperados por sociedades protectoras, ayuntamientos y [&hellip;]<\/p>\n","protected":false},"author":4,"featured_media":0,"parent":1612,"menu_order":0,"comment_status":"closed","ping_status":"closed","template":"","meta":{"_et_pb_use_builder":"on","_et_pb_old_content":"","_et_gb_content_width":"","footnotes":""},"class_list":["post-2151","page","type-page","status-publish","hentry"],"_links":{"self":[{"href":"https:\/\/amazdog.com\/index.php\/wp-json\/wp\/v2\/pages\/2151","targetHints":{"allow":["GET"]}}],"collection":[{"href":"https:\/\/amazdog.com\/index.php\/wp-json\/wp\/v2\/pages"}],"about":[{"href":"https:\/\/amazdog.com\/index.php\/wp-json\/wp\/v2\/types\/page"}],"author":[{"embeddable":true,"href":"https:\/\/amazdog.com\/index.php\/wp-json\/wp\/v2\/users\/4"}],"replies":[{"embeddable":true,"href":"https:\/\/amazdog.com\/index.php\/wp-json\/wp\/v2\/comments?post=2151"}],"version-history":[{"count":3,"href":"https:\/\/amazdog.com\/index.php\/wp-json\/wp\/v2\/pages\/2151\/revisions"}],"predecessor-version":[{"id":2318,"href":"https:\/\/amazdog.com\/index.php\/wp-json\/wp\/v2\/pages\/2151\/revisions\/2318"}],"up":[{"embeddable":true,"href":"https:\/\/amazdog.com\/index.php\/wp-json\/wp\/v2\/pages\/1612"}],"wp:attachment":[{"href":"https:\/\/amazdog.com\/index.php\/wp-json\/wp\/v2\/media?parent=2151"}],"curies":[{"name":"wp","href":"https:\/\/api.w.org\/{rel}","templated":true}]}}