{"id":2144,"date":"2021-08-19T15:53:07","date_gmt":"2021-08-19T15:53:07","guid":{"rendered":"https:\/\/amazdog.com\/?page_id=2144"},"modified":"2021-08-20T14:32:50","modified_gmt":"2021-08-20T14:32:50","slug":"habitos-en-la-hidratacion-de-tu-mascota","status":"publish","type":"page","link":"https:\/\/amazdog.com\/index.php\/blog\/habitos-en-la-hidratacion-de-tu-mascota\/","title":{"rendered":"H\u00e1bitos en la hidrataci\u00f3n de tu mascota."},"content":{"rendered":"<p>[et_pb_section fb_built=\u00bb1&#8243; fullwidth=\u00bbon\u00bb _builder_version=\u00bb4.9.10&#8243; _module_preset=\u00bbdefault\u00bb][et_pb_fullwidth_image src=\u00bbhttps:\/\/amazdog.com\/wp-content\/uploads\/2021\/08\/Frame-87-4-1.png\u00bb _builder_version=\u00bb4.9.10&#8243; _module_preset=\u00bbdefault\u00bb title_text=\u00bbFrame 87 (4) 1&#8243; hover_enabled=\u00bb0&#8243; sticky_enabled=\u00bb0&#8243;][\/et_pb_fullwidth_image][\/et_pb_section][et_pb_section fb_built=\u00bb1&#8243; _builder_version=\u00bb4.9.10&#8243; _module_preset=\u00bbdefault\u00bb custom_padding=\u00bb2px||90px|0px||\u00bb locked=\u00bboff\u00bb][et_pb_row _builder_version=\u00bb4.9.10&#8243; _module_preset=\u00bbdefault\u00bb][et_pb_column type=\u00bb4_4&#8243; _builder_version=\u00bb4.9.10&#8243; _module_preset=\u00bbdefault\u00bb][et_pb_image src=\u00bbhttps:\/\/amazdog.com\/wp-content\/uploads\/2021\/08\/Rectangle-74.png\u00bb title_text=\u00bbRectangle 74&#8243; align=\u00bbcenter\u00bb _builder_version=\u00bb4.9.10&#8243; _module_preset=\u00bbdefault\u00bb][\/et_pb_image][et_pb_text _builder_version=\u00bb4.9.10&#8243; _module_preset=\u00bbdefault\u00bb]<\/p>\n<h1 style=\"text-align: center;\"><strong><span style=\"color: #00000;\"> <span style=\"font-size: 30px;\">Seguro obligatorio en la mayor\u00eda de las comunidades aut\u00f3nomas. <\/span><\/span><\/strong><\/h1>\n<p>[\/et_pb_text][et_pb_text _builder_version=\u00bb4.9.10&#8243; _module_preset=\u00bbdefault\u00bb]<\/p>\n<p>En estos meses estivales, en los que las temperaturas son m\u00e1s elevadas,<span>\u00a0<\/span><strong>la hidrataci\u00f3n de tu mascota es algo esencial<\/strong><span>\u00a0<\/span>para el buen estado de su salud. Por ello, te recomendamos echarle un ojo a los siguientes apartados. Hidratar a tu mascota es importante porque\u2026<\/p>\n<h4>\u2026determina el crecimiento y las defensas<\/h4>\n<p>Para que te hagas una idea, alrededor del 60% del peso total de tu perro o gato es agua. Por tanto, m\u00e1s de la mitad de su organismo est\u00e1 compuesto de agua. Esto es algo esencial para que tu compa\u00f1ero peludo realice de forma adecuada todos los procesos que ocurren en su cuerpo. Procesos que no solo son necesarios para su desarrollo f\u00edsico y mental, sino tambi\u00e9n para su crecimiento y la defensa de enfermedades.<\/p>\n<h4>\u2026su proceso de sudoraci\u00f3n es distinto.<\/h4>\n<p>A diferencia de los humanos, hay animales (como el perro) que no cuentan con gl\u00e1ndulas para expulsar el sudor. La \u00fanica forma que tienen de eliminar toxinas es a trav\u00e9s de sus almohadillas plantares, situadas bajo sus patas. \u00bfY para eliminar los l\u00edquidos? La forma de expulsarlos es mediante la orina.<\/p>\n<p>Teniendo en cuenta esto, es conveniente que consuman agua en buen estado para no perjudicar su salud. Aqu\u00ed te hemos recopilado una serie de<span>\u00a0<\/span><strong>recomendaciones<\/strong><span>\u00a0<\/span>sobre c\u00f3mo hidratar a tu mascota que te resultar\u00e1n de lo m\u00e1s \u00fatiles.<\/p>\n<ul>\n<li><strong>Sirve agua dependiendo del peso:<\/strong><span>\u00a0<\/span>ten en cuenta los kilos de tu mascota a la hora de darle agua. Por lo general, se aconsejan unos 60 mililitros por kilo (m\u00e1s en el caso de que haga mucho calor).<\/li>\n<li><strong>Utiliza envases grandes:<\/strong><span>\u00a0<\/span>si el recipiente es peque\u00f1o corres el riesgo de que tu mascota siga con sed cuando se la haya bebido toda.<\/li>\n<li><strong>Evita el agua caliente:<\/strong><span>\u00a0<\/span>los l\u00edquidos a temperatura elevada pueden causarle da\u00f1os; s\u00edrvele agua en lugares frescos.<\/li>\n<li><strong>Lleva agua en los paseos:<\/strong><span>\u00a0<\/span>al sacar a pasear a tu mascota, es aconsejable llevar una botella con agua fresca para su hidrataci\u00f3n.<\/li>\n<li><strong>Haz paradas en los viajes:<\/strong><span>\u00a0<\/span>si se trata de un trayecto largo, realiza pausas durante el viaje para dar agua a tu mascota.<\/li>\n<li><strong>Nunca<\/strong><span>\u00a0<\/span>dejes a tu mascota encerrada en tu veh\u00edculo sin ventilaci\u00f3n.<\/li>\n<li>Recuerda acudir al veterinario<span>\u00a0<\/span>en caso de que notes que hay alg\u00fan problema con tu mascota.<\/li>\n<\/ul>\n<p>&nbsp;<\/p>\n<p>Fuente: <span style=\"color: #808080;\"><a href=\"https:\/\/www.vitalveterinaria.es\/como-hidratar-a-tu-mascota\/\" target=\"_blank\" rel=\"noopener\" style=\"color: #808080;\">https:\/\/www.boe.es\/buscar\/doc.php?id=BOE-A-2002-6016<\/a><\/span><\/p>\n<p>[\/et_pb_text][\/et_pb_column][\/et_pb_row][\/et_pb_section]<\/p>\n","protected":false},"excerpt":{"rendered":"<p>Seguro obligatorio en la mayor\u00eda de las comunidades aut\u00f3nomas. En estos meses estivales, en los que las temperaturas son m\u00e1s elevadas,\u00a0la hidrataci\u00f3n de tu mascota es algo esencial\u00a0para el buen estado de su salud. Por ello, te recomendamos echarle un ojo a los siguientes apartados. Hidratar a tu mascota es importante porque\u2026 \u2026determina el crecimiento [&hellip;]<\/p>\n","protected":false},"author":4,"featured_media":0,"parent":1612,"menu_order":0,"comment_status":"closed","ping_status":"closed","template":"","meta":{"_et_pb_use_builder":"on","_et_pb_old_content":"","_et_gb_content_width":"","footnotes":""},"class_list":["post-2144","page","type-page","status-publish","hentry"],"_links":{"self":[{"href":"https:\/\/amazdog.com\/index.php\/wp-json\/wp\/v2\/pages\/2144","targetHints":{"allow":["GET"]}}],"collection":[{"href":"https:\/\/amazdog.com\/index.php\/wp-json\/wp\/v2\/pages"}],"about":[{"href":"https:\/\/amazdog.com\/index.php\/wp-json\/wp\/v2\/types\/page"}],"author":[{"embeddable":true,"href":"https:\/\/amazdog.com\/index.php\/wp-json\/wp\/v2\/users\/4"}],"replies":[{"embeddable":true,"href":"https:\/\/amazdog.com\/index.php\/wp-json\/wp\/v2\/comments?post=2144"}],"version-history":[{"count":6,"href":"https:\/\/amazdog.com\/index.php\/wp-json\/wp\/v2\/pages\/2144\/revisions"}],"predecessor-version":[{"id":2317,"href":"https:\/\/amazdog.com\/index.php\/wp-json\/wp\/v2\/pages\/2144\/revisions\/2317"}],"up":[{"embeddable":true,"href":"https:\/\/amazdog.com\/index.php\/wp-json\/wp\/v2\/pages\/1612"}],"wp:attachment":[{"href":"https:\/\/amazdog.com\/index.php\/wp-json\/wp\/v2\/media?parent=2144"}],"curies":[{"name":"wp","href":"https:\/\/api.w.org\/{rel}","templated":true}]}}