{"id":2137,"date":"2021-08-19T12:00:29","date_gmt":"2021-08-19T12:00:29","guid":{"rendered":"https:\/\/amazdog.com\/?page_id=2137"},"modified":"2021-08-20T14:32:18","modified_gmt":"2021-08-20T14:32:18","slug":"seguro-obligatorio-en-la-mayoria-de-las-comunidades-autonomas","status":"publish","type":"page","link":"https:\/\/amazdog.com\/index.php\/blog\/seguro-obligatorio-en-la-mayoria-de-las-comunidades-autonomas\/","title":{"rendered":"Seguro obligatorio en la mayor\u00eda de las comunidades aut\u00f3nomas"},"content":{"rendered":"<p>[et_pb_section fb_built=\u00bb1&#8243; fullwidth=\u00bbon\u00bb _builder_version=\u00bb4.9.10&#8243; _module_preset=\u00bbdefault\u00bb][et_pb_fullwidth_image src=\u00bbhttps:\/\/amazdog.com\/wp-content\/uploads\/2021\/08\/Frame-87-4-1.png\u00bb _builder_version=\u00bb4.9.10&#8243; _module_preset=\u00bbdefault\u00bb title_text=\u00bbFrame 87 (4) 1&#8243; hover_enabled=\u00bb0&#8243; sticky_enabled=\u00bb0&#8243;][\/et_pb_fullwidth_image][\/et_pb_section][et_pb_section fb_built=\u00bb1&#8243; _builder_version=\u00bb4.9.10&#8243; _module_preset=\u00bbdefault\u00bb custom_padding=\u00bb2px||90px|0px||\u00bb][et_pb_row _builder_version=\u00bb4.9.10&#8243; _module_preset=\u00bbdefault\u00bb][et_pb_column type=\u00bb4_4&#8243; _builder_version=\u00bb4.9.10&#8243; _module_preset=\u00bbdefault\u00bb][et_pb_image src=\u00bbhttps:\/\/amazdog.com\/wp-content\/uploads\/2021\/08\/Rectangle-82.png\u00bb title_text=\u00bbRectangle 82&#8243; align=\u00bbcenter\u00bb _builder_version=\u00bb4.9.10&#8243; _module_preset=\u00bbdefault\u00bb][\/et_pb_image][et_pb_text _builder_version=\u00bb4.9.10&#8243; _module_preset=\u00bbdefault\u00bb]<\/p>\n<h1 style=\"text-align: center;\"><strong><span style=\"color: #00000;\"> <span style=\"font-size: 30px;\">Seguro obligatorio en la mayor\u00eda de las comunidades aut\u00f3nomas. <\/span><\/span><\/strong><\/h1>\n<p>[\/et_pb_text][et_pb_text _builder_version=\u00bb4.9.10&#8243; _module_preset=\u00bbdefault\u00bb]<\/p>\n<p style=\"text-align: justify;\">La Ley 50\/1999, de 23 de diciembre, sobre el r\u00e9gimen jur\u00eddico de la tenencia de animales potencialmente peligrosos, aborda la regulaci\u00f3n normativa referente a la tenencia, adiestramiento y manejo de animales potencialmente peligrosos, al objeto de preservar la seguridad de personas, bienes y otros animales.<\/p>\n<p>La citada Ley establece las caracter\u00edsticas de los animales que merecen la consideraci\u00f3n de potencialmente peligrosos, tanto los de la fauna salvaje en estado de cautividad, en domicilios o recintos privados, como los dom\u00e9sticos. No obstante, con respecto a estos \u00faltimos, remite al posterior desarrollo reglamentario la relaci\u00f3n concreta de las razas, tipolog\u00edas raciales o cruces interraciales, en particular de las pertenecientes a la especie canina, que por sus caracter\u00edsticas morfol\u00f3gicas, su agresividad y su acometida, puedan suponer una amenaza para la integridad f\u00edsica y los bienes de las personas.<\/p>\n<p>En cumplimiento de lo expuesto, el presente Real Decreto establece el cat\u00e1logo de los animales de la especie canina que pueden ser incluidos dentro de la categor\u00eda de animales potencialmente peligrosos y que, por lo tanto, se ven afectados por los preceptos de dicha Ley.<\/p>\n<p>Por otra parte, procede dictar las medidas precisas en desarrollo de la Ley, exigibles para la obtenci\u00f3n de las licencias administrativas que habilitan a sus titulares para la tenencia de animales potencialmente peligrosos, en particular, los criterios m\u00ednimos necesarios para la obtenci\u00f3n de los certificados de capacidad f\u00edsica y aptitud psicol\u00f3gica, y la cuant\u00eda m\u00ednima del seguro de responsabilidad civil por da\u00f1os a terceros, ocasionados por los mismos.<\/p>\n<p>Por \u00faltimo, se establecen las medidas m\u00ednimas de seguridad que, con car\u00e1cter b\u00e1sico, se derivan de los criterios de la Ley, en cuanto al adecuado manejo y custodia de los animales potencialmente peligrosos.<\/p>\n<p>El presente Real Decreto se dicta al amparo de la habilitaci\u00f3n contenida en el art\u00edculo 149.1.29.a de la Constituci\u00f3n, que atribuye al Estado competencia exclusiva en materia de seguridad p\u00fablica.<\/p>\n<p>En la tramitaci\u00f3n han sido consultadas las Comunidades Aut\u00f3nomas y las entidades representativas del sector.<\/p>\n<p>En su virtud, a propuesta del Vicepresidente Primero del Gobierno y Ministro del Interior y del Ministro de Agricultura, Pesca y Alimentaci\u00f3n, de acuerdo con el Consejo de Estado y previa deliberaci\u00f3n del Consejo de Ministros en su reuni\u00f3n del d\u00eda 22 de marzo de 2002.<\/p>\n<p>&nbsp;<\/p>\n<p>Fuente: <span style=\"color: #808080;\"><a href=\"https:\/\/www.boe.es\/buscar\/doc.php?id=BOE-A-2002-6016\" target=\"_blank\" rel=\"noopener\" style=\"color: #808080;\">https:\/\/www.boe.es\/buscar\/doc.php?id=BOE-A-2002-6016<\/a><\/span><\/p>\n<p>[\/et_pb_text][\/et_pb_column][\/et_pb_row][\/et_pb_section]<\/p>\n","protected":false},"excerpt":{"rendered":"<p>Seguro obligatorio en la mayor\u00eda de las comunidades aut\u00f3nomas. La Ley 50\/1999, de 23 de diciembre, sobre el r\u00e9gimen jur\u00eddico de la tenencia de animales potencialmente peligrosos, aborda la regulaci\u00f3n normativa referente a la tenencia, adiestramiento y manejo de animales potencialmente peligrosos, al objeto de preservar la seguridad de personas, bienes y otros animales. La [&hellip;]<\/p>\n","protected":false},"author":4,"featured_media":0,"parent":1612,"menu_order":0,"comment_status":"closed","ping_status":"closed","template":"","meta":{"_et_pb_use_builder":"on","_et_pb_old_content":"","_et_gb_content_width":"","footnotes":""},"class_list":["post-2137","page","type-page","status-publish","hentry"],"_links":{"self":[{"href":"https:\/\/amazdog.com\/index.php\/wp-json\/wp\/v2\/pages\/2137","targetHints":{"allow":["GET"]}}],"collection":[{"href":"https:\/\/amazdog.com\/index.php\/wp-json\/wp\/v2\/pages"}],"about":[{"href":"https:\/\/amazdog.com\/index.php\/wp-json\/wp\/v2\/types\/page"}],"author":[{"embeddable":true,"href":"https:\/\/amazdog.com\/index.php\/wp-json\/wp\/v2\/users\/4"}],"replies":[{"embeddable":true,"href":"https:\/\/amazdog.com\/index.php\/wp-json\/wp\/v2\/comments?post=2137"}],"version-history":[{"count":6,"href":"https:\/\/amazdog.com\/index.php\/wp-json\/wp\/v2\/pages\/2137\/revisions"}],"predecessor-version":[{"id":2316,"href":"https:\/\/amazdog.com\/index.php\/wp-json\/wp\/v2\/pages\/2137\/revisions\/2316"}],"up":[{"embeddable":true,"href":"https:\/\/amazdog.com\/index.php\/wp-json\/wp\/v2\/pages\/1612"}],"wp:attachment":[{"href":"https:\/\/amazdog.com\/index.php\/wp-json\/wp\/v2\/media?parent=2137"}],"curies":[{"name":"wp","href":"https:\/\/api.w.org\/{rel}","templated":true}]}}